{"id":4360,"date":"2013-08-07T14:52:13","date_gmt":"2013-08-07T13:52:13","guid":{"rendered":"http:\/\/www.iyscpt.com\/?page_id=4360"},"modified":"2013-08-08T16:32:58","modified_gmt":"2013-08-08T15:32:58","slug":"2013-participants","status":"publish","type":"page","link":"https:\/\/www.iyscpt.com\/?page_id=4360","title":{"rendered":"2013 &#8211; PARTICIPANTS"},"content":{"rendered":"<p>Foto Grupo \u2013 rece\u00e7\u00e3o Oficial na cidade de Eschborn, com o Presidente da C\u00e2mara Municipal Wilhelm Speckhardt (08-08-2013)<a style=\"font-size: 13px; line-height: 19px;\" href=\"http:\/\/www.iyscpt.com\/wp-admin\/post.php?post=4360&amp;action=edit#\"><br \/>\n<\/a><\/p>\n<p><a href=\"http:\/\/www.iyscpt.com\/wp-content\/uploads\/2013\/08\/participantes_20131.jpg\" class=\"thickbox no_icon\"><img loading=\"lazy\" class=\"alignnone size-full wp-image-4750\" alt=\"participantes_2013\" src=\"http:\/\/www.iyscpt.com\/wp-content\/uploads\/2013\/08\/participantes_20131.jpg\" width=\"640\" height=\"428\" srcset=\"https:\/\/www.iyscpt.com\/wp-content\/uploads\/2013\/08\/participantes_20131.jpg 640w, https:\/\/www.iyscpt.com\/wp-content\/uploads\/2013\/08\/participantes_20131-300x200.jpg 300w\" sizes=\"(max-width: 640px) 100vw, 640px\" \/><\/a><\/p>\n","protected":false},"excerpt":{"rendered":"<p>Foto Grupo \u2013 rece\u00e7\u00e3o Oficial na cidade de Eschborn, com o Presidente da C\u00e2mara Municipal Wilhelm Speckhardt (08-08-2013)<\/p>\n","protected":false},"author":1,"featured_media":0,"parent":0,"menu_order":0,"comment_status":"open","ping_status":"open","template":"","meta":{"ngg_post_thumbnail":0},"_links":{"self":[{"href":"https:\/\/www.iyscpt.com\/index.php?rest_route=\/wp\/v2\/pages\/4360"}],"collection":[{"href":"https:\/\/www.iyscpt.com\/index.php?rest_route=\/wp\/v2\/pages"}],"about":[{"href":"https:\/\/www.iyscpt.com\/index.php?rest_route=\/wp\/v2\/types\/page"}],"author":[{"embeddable":true,"href":"https:\/\/www.iyscpt.com\/index.php?rest_route=\/wp\/v2\/users\/1"}],"replies":[{"embeddable":true,"href":"https:\/\/www.iyscpt.com\/index.php?rest_route=%2Fwp%2Fv2%2Fcomments&post=4360"}],"version-history":[{"count":6,"href":"https:\/\/www.iyscpt.com\/index.php?rest_route=\/wp\/v2\/pages\/4360\/revisions"}],"predecessor-version":[{"id":4754,"href":"https:\/\/www.iyscpt.com\/index.php?rest_route=\/wp\/v2\/pages\/4360\/revisions\/4754"}],"wp:attachment":[{"href":"https:\/\/www.iyscpt.com\/index.php?rest_route=%2Fwp%2Fv2%2Fmedia&parent=4360"}],"curies":[{"name":"wp","href":"https:\/\/api.w.org\/{rel}","templated":true}]}}