{"id":349,"date":"2011-09-08T14:03:37","date_gmt":"2011-09-08T14:03:37","guid":{"rendered":"http:\/\/www.iyscpt.com\/?page_id=349"},"modified":"2012-07-02T23:15:29","modified_gmt":"2012-07-02T22:15:29","slug":"2003-7","status":"publish","type":"page","link":"https:\/\/www.iyscpt.com\/?page_id=349","title":{"rendered":"2003 &#8211; PROGRAM"},"content":{"rendered":"<p><strong>Educa\u00e7\u00e3o Ambiental<\/strong><\/p>\n<p>&nbsp;<\/p>\n<p>A realiza\u00e7\u00e3o de interc\u00e2mbio internacional de jovens, entre 21 de Julho e 7 de Agosto de 2003, organizado pela Associa\u00e7\u00e3o de Amizade P\u00f3voa de Varzim Cidades Geminadas\/Casa da Juventude, decorre da rela\u00e7\u00e3o de amizade estabelecida nos \u00faltimos anos entre as cidades da <strong>P\u00f3voa de Varzim <\/strong>(Portugal), <strong>Montgeron <\/strong>(Fran\u00e7a), <strong>Eschborn<\/strong>\u00a0(Alemanha) e <strong>Zabbar<\/strong> (Malta).<\/p>\n<p>Desta rela\u00e7\u00e3o que se iniciou em 1986, resultaram in\u00fameros contactos entre cidad\u00e3os, provenientes de diversos sectores, atrav\u00e9s da realiza\u00e7\u00e3o de interc\u00e2mbios escolares, interc\u00e2mbios entre institui\u00e7\u00f5es de pessoas com defici\u00eancia, da terceira idade, encontros de pintura, de fotografia, de m\u00fasica, confer\u00eancias. F\u00f3runs de discuss\u00e3o e reflex\u00e3o, ou seja, ac\u00e7\u00f5es com vista a promover os valores de amizade, cultura e de uni\u00e3o entre os povos da Europa.<\/p>\n<p>Do conjunto de actividades realizadas destacamos aqui os interc\u00e2mbios anuais de juventude, desde 1988, uma ac\u00e7\u00e3o que tem servido de oportunidade para os jovens trocarem experi\u00eancias, contactarem com a diversidade cultural, estabelecerem novas amizades, adquirirem novas compet\u00eancias para o exerc\u00edcio de uma cidadania activa, bem como fomentar o empenho no fen\u00f3meno europeu. Trata-se de um projecto itinerante, organizado, de cada vez, por uma das cidades participantes.<\/p>\n<p>Para a edi\u00e7\u00e3o de 2003 realizaram-se como habitualmente v\u00e1rias reuni\u00f5es para definir o conceito do interc\u00e2mbio, de modo a respeitar os crit\u00e9rios estabelecidos pela organiza\u00e7\u00e3o e os princ\u00edpios fundamentais do Programa Europeu de Juventude. A decis\u00e3o recaiu sobre o tema da <strong>Educa\u00e7\u00e3o Ambiental<\/strong>, encontrando-se um t\u00edtulo que reflecte os objectivos essenciais do projecto: &#8220;<strong>DIZ-ME O QUE PROTEGES, dir-te-ei quem \u00e9s<\/strong>&#8221; &#8211; &#8220;<strong>Birds of a feather, PROTECT TOGETHER<\/strong>&#8220;. O lugar seleccionado foi o Parque Nacional Peneda-Ger\u00eas, em Campo do Ger\u00eas, o n\u00famero de participantes, 12 por cada cidade, acompanhados por 3 monitores.<\/p>\n<p>O interc\u00e2mbio multilateral de jovens\/P\u00f3voa de Varzim-Ger\u00eas\/2003, tem como tema a Educa\u00e7\u00e3o Ambiental, uma educa\u00e7\u00e3o para a cidadania, isto \u00e9, levar os participantes a tomar consci\u00eancia da import\u00e2ncia das quest\u00f5es ambientais e para o desenvolvimento sustent\u00e1vel das sociedades.<\/p>\n<p>&nbsp;<\/p>\n<p>Nesse sentido foi preparado um conjunto de ac\u00e7\u00f5es de reflex\u00e3o, debate e comunica\u00e7\u00e3o, destinado aos participantes:<\/p>\n<p><strong>1 &#8211;<\/strong>\u00a0Oficina de Educa\u00e7\u00e3o Ambiental, preenchidas com a explica\u00e7\u00e3o do contexto ambiental da \u00e1rea protegida, a floresta, a fauna e flora, a geologia e os aspectos s\u00f3cio-hist\u00f3ricos da regi\u00e3o, em que se solicitar\u00e1 a participa\u00e7\u00e3o activa dos participantes;<\/p>\n<p><strong>2 &#8211;<\/strong>\u00a0Oficinas de Interpreta\u00e7\u00e3o da Natureza, com visitas a locais diversos para interpretar os temas abordados nas sess\u00f5es te\u00f3ricas;<\/p>\n<p><strong>3 &#8211;<\/strong>\u00a0Oficina de Boas Pr\u00e1ticas, para o desenvolvimento de atitudes de protec\u00e7\u00e3o do patrim\u00f3nio natural; Complementarmente, desenvolvemos um conjunto de actividades recreativas para o conv\u00edvio multilateral, como por exemplo:<\/p>\n<p><strong>4 &#8211;<\/strong>\u00a0Oficinas de Recreio e Lazer, Circuitos de explora\u00e7\u00e3o da Natureza: Circuito em BTT; Passeio a Cavalo; Ski Aqu\u00e1tico, Canoagem, Jogos Interactivos e Comunica\u00e7\u00e3o, etc.<\/p>\n<p>&nbsp;<\/p>\n<p>A partir dos conte\u00fados fornecidos os jovens ser\u00e3o convidados a montar uma exposi\u00e7\u00e3o multim\u00e9dia, suportada em textos, fotografias e v\u00eddeo, realizada atrav\u00e9s de grupos multilaterais, que percorrer\u00e1, no final, as v\u00e1rias cidades envolvidas no projecto.<\/p>\n<p>O programa \u00e9, portanto, balanceado entre actividades te\u00f3rico-pr\u00e1ticas, sustentado em momentos facilitadores da interac\u00e7\u00e3o entre os participantes, de modo a despertar novos interesses e novos conhecimentos, fomentar a protec\u00e7\u00e3o ambiente, estimular o esp\u00edrito de toler\u00e2ncia e o respeito m\u00fatuo, isto \u00e9, uma ferramenta de apoio \u00e0 educa\u00e7\u00e3o, socializa\u00e7\u00e3o e integra\u00e7\u00e3o dos jovens num contexto europeu.<\/p>\n<p>Por tudo isto, convidamo-vos a viajar por entre mil imagens e descobrir a dimens\u00e3o e o alcance desta iniciativa europeia no quadro das gemina\u00e7\u00f5es.<\/p>\n","protected":false},"excerpt":{"rendered":"<p>Educa\u00e7\u00e3o Ambiental &nbsp; A realiza\u00e7\u00e3o de interc\u00e2mbio internacional de jovens, entre 21 de Julho e 7 de Agosto de 2003, organizado pela Associa\u00e7\u00e3o de Amizade P\u00f3voa de Varzim Cidades Geminadas\/Casa da Juventude, decorre da rela\u00e7\u00e3o de amizade estabelecida nos \u00faltimos anos entre as cidades da P\u00f3voa de Varzim (Portugal), Montgeron (Fran\u00e7a), Eschborn\u00a0(Alemanha) e Zabbar (Malta). Desta rela\u00e7\u00e3o que se iniciou em 1986, resultaram in\u00fameros contactos entre cidad\u00e3os, provenientes de diversos sectores, atrav\u00e9s da realiza\u00e7\u00e3o de interc\u00e2mbios escolares, interc\u00e2mbios entre institui\u00e7\u00f5es de pessoas com defici\u00eancia, da terceira idade, encontros de pintura, de fotografia, de m\u00fasica, confer\u00eancias. F\u00f3runs de discuss\u00e3o e reflex\u00e3o, ou seja, ac\u00e7\u00f5es com vista a promover os valores de amizade, cultura e de uni\u00e3o entre os povos da Europa. Do conjunto de actividades realizadas destacamos aqui os interc\u00e2mbios anuais de juventude, desde 1988, uma ac\u00e7\u00e3o que tem servido de oportunidade para os jovens trocarem experi\u00eancias, contactarem com a diversidade cultural, estabelecerem novas amizades, adquirirem novas compet\u00eancias para o exerc\u00edcio de uma cidadania activa, bem como fomentar o empenho no fen\u00f3meno europeu. Trata-se de um projecto itinerante, organizado, de cada vez, por uma das cidades participantes. Para a edi\u00e7\u00e3o de 2003 realizaram-se como habitualmente v\u00e1rias reuni\u00f5es para definir o conceito [&hellip;]<\/p>\n","protected":false},"author":1,"featured_media":0,"parent":0,"menu_order":0,"comment_status":"open","ping_status":"open","template":"","meta":{"ngg_post_thumbnail":0},"_links":{"self":[{"href":"https:\/\/www.iyscpt.com\/index.php?rest_route=\/wp\/v2\/pages\/349"}],"collection":[{"href":"https:\/\/www.iyscpt.com\/index.php?rest_route=\/wp\/v2\/pages"}],"about":[{"href":"https:\/\/www.iyscpt.com\/index.php?rest_route=\/wp\/v2\/types\/page"}],"author":[{"embeddable":true,"href":"https:\/\/www.iyscpt.com\/index.php?rest_route=\/wp\/v2\/users\/1"}],"replies":[{"embeddable":true,"href":"https:\/\/www.iyscpt.com\/index.php?rest_route=%2Fwp%2Fv2%2Fcomments&post=349"}],"version-history":[{"count":9,"href":"https:\/\/www.iyscpt.com\/index.php?rest_route=\/wp\/v2\/pages\/349\/revisions"}],"predecessor-version":[{"id":3267,"href":"https:\/\/www.iyscpt.com\/index.php?rest_route=\/wp\/v2\/pages\/349\/revisions\/3267"}],"wp:attachment":[{"href":"https:\/\/www.iyscpt.com\/index.php?rest_route=%2Fwp%2Fv2%2Fmedia&parent=349"}],"curies":[{"name":"wp","href":"https:\/\/api.w.org\/{rel}","templated":true}]}}