{"id":347,"date":"2011-09-08T14:03:28","date_gmt":"2011-09-08T14:03:28","guid":{"rendered":"http:\/\/www.iyscpt.com\/?page_id=347"},"modified":"2012-07-06T16:11:21","modified_gmt":"2012-07-06T15:11:21","slug":"2007-7","status":"publish","type":"page","link":"https:\/\/www.iyscpt.com\/?page_id=347","title":{"rendered":"2007 &#8211; PROGRAM"},"content":{"rendered":"<p><strong>Sou Livre. Sou Cidad\u00e3o. Sou Europeu<\/strong><\/p>\n<p>&nbsp;<\/p>\n<p>&#8220;<strong>Sou Livre. Sou Cidad\u00e3o. Sou Europeu<\/strong>&#8221; \u00e9 o tema do Encontro Internacional de Jovens 2007 &#8211; International Youth Summer Camp &#8211; IYSC &#8211; que se realizar\u00e1 entre 1 e 15 de Agosto, em Melga\u00e7o, com jovens da <strong>P\u00f3voa de Varzim<\/strong> (Portugal), <strong>Montgeron<\/strong> (Fran\u00e7a), <strong>Eschborn<\/strong> (Alemanha) e <strong>Zabbar<\/strong> (Malta).<\/p>\n<p>O objectivo deste Interc\u00e2mbio \u00e9 sensibilizar os jovens para reflectirem em conjunto sobre a quest\u00e3o da cidadania europeia. Esperamos que, partindo do reconhecimento das suas diferen\u00e7as, compreendam a import\u00e2ncia de uma Europa mais Justa e com Igualdade de Oportunidade para todos.<\/p>\n<p>Os jovens ser\u00e3o ent\u00e3o convidados, incentivados e sensibilizados a executarem um projecto que apresentar\u00e3o no final, perante uma plateia alargada, para a qual est\u00e3o convidados, para al\u00e9m dos participantes, representantes das autarquias envolvidas no projecto e representantes da comunidade local &#8211; C\u00e2mara Municipal e Associa\u00e7\u00f5es de Juventude locais.<\/p>\n<p>Hip-Hop , Graffiti , Artes Performativas e Internet-Reportagem , s\u00e3o as ferramentas que ser\u00e3o propostas aos jovens.<\/p>\n<p>O desafio \u00e9 construir uma performance, com recurso a estas \u00e1reas, partindo do tema &#8220;Sou Livre. Sou Cidad\u00e3o. Sou Europeu&#8221;.<\/p>\n<p>Durante 15 dias os participantes poder\u00e3o ocupar os seus tempos livres com actividades desportivas, contacto com a natureza, visitas culturais e muita anima\u00e7\u00e3o.<\/p>\n<p>Uma experi\u00eancia para reflectir, conviver, aprender e nunca mais esquecer.<\/p>\n<p>&nbsp;<\/p>\n<p>&#8211; <a href=\"http:\/\/www.iyscpt.com\/data\/program.pdf\" target=\"_blank\">Programa<\/a>\u00a0(.pdf)<\/p>\n<p>&nbsp;<\/p>\n<p>&nbsp;<\/p>\n<p><strong>I&#8217;m Free. I&#8217;m a Citizen. I&#8217;m European<\/strong><\/p>\n<p>&nbsp;<\/p>\n<p><strong><\/strong>&#8220;<strong>I&#8217;m Free. I&#8217;m a Citizen. I&#8217;m European<\/strong>&#8221; is the motto for the International Youth Encounter &#8211; International Youth Summer Camp &#8211; IYSC &#8211; that will take place between 1st and 15th August, in Melga\u00e7o, with youngster from <strong>P\u00f3voa de Varzim<\/strong> (Portugal), <strong>Montgeron<\/strong> (France), <strong>Eschborn<\/strong> ( Germany) and <strong>Zabbar<\/strong> (Malta).<\/p>\n<p>The goal of this exchange is to sensitize the youngsters to reflect together upon the question of European citizenship. We hope that, throughout the recognition of their differences, they may understand the importance of a fairer Europe that gives equal opportunities to all people.<\/p>\n<p>Youngsters will be invited to take to terms a project they will present in the end, before a broaden audience, to which all participants, representatives from all the municipalities involved and members of the local community (Municipality and youngsters Associations) will be invited.<\/p>\n<p>Hip -Hop , Graffiti , performative arts and internet reportage are the tools to be proposed to youngsters.<\/p>\n<p>The Challenge is to create a performance, using the above resources, having the theme &#8220;I&#8217;m Free. I&#8217;m a Citizen. I&#8217;m European&#8221; as a starting point.<\/p>\n<p>During 15 days participants will be able to occupy their free time with sports, contact with nature, cultural visits and lots of animation.<\/p>\n<p>An experience to meditate, socialise, learn and never forget.<\/p>\n<p>&nbsp;<\/p>\n<p>&#8211; <a href=\"http:\/\/www.iyscpt.com\/data\/program.pdf\" target=\"_blank\">Program<\/a> (.pdf)<\/p>\n","protected":false},"excerpt":{"rendered":"<p>Sou Livre. Sou Cidad\u00e3o. Sou Europeu &nbsp; &#8220;Sou Livre. Sou Cidad\u00e3o. Sou Europeu&#8221; \u00e9 o tema do Encontro Internacional de Jovens 2007 &#8211; International Youth Summer Camp &#8211; IYSC &#8211; que se realizar\u00e1 entre 1 e 15 de Agosto, em Melga\u00e7o, com jovens da P\u00f3voa de Varzim (Portugal), Montgeron (Fran\u00e7a), Eschborn (Alemanha) e Zabbar (Malta). O objectivo deste Interc\u00e2mbio \u00e9 sensibilizar os jovens para reflectirem em conjunto sobre a quest\u00e3o da cidadania europeia. Esperamos que, partindo do reconhecimento das suas diferen\u00e7as, compreendam a import\u00e2ncia de uma Europa mais Justa e com Igualdade de Oportunidade para todos. Os jovens ser\u00e3o ent\u00e3o convidados, incentivados e sensibilizados a executarem um projecto que apresentar\u00e3o no final, perante uma plateia alargada, para a qual est\u00e3o convidados, para al\u00e9m dos participantes, representantes das autarquias envolvidas no projecto e representantes da comunidade local &#8211; C\u00e2mara Municipal e Associa\u00e7\u00f5es de Juventude locais. Hip-Hop , Graffiti , Artes Performativas e Internet-Reportagem , s\u00e3o as ferramentas que ser\u00e3o propostas aos jovens. O desafio \u00e9 construir uma performance, com recurso a estas \u00e1reas, partindo do tema &#8220;Sou Livre. Sou Cidad\u00e3o. Sou Europeu&#8221;. Durante 15 dias os participantes poder\u00e3o ocupar os seus tempos livres com actividades desportivas, contacto com a natureza, visitas [&hellip;]<\/p>\n","protected":false},"author":1,"featured_media":0,"parent":0,"menu_order":0,"comment_status":"open","ping_status":"open","template":"","meta":{"ngg_post_thumbnail":0},"_links":{"self":[{"href":"https:\/\/www.iyscpt.com\/index.php?rest_route=\/wp\/v2\/pages\/347"}],"collection":[{"href":"https:\/\/www.iyscpt.com\/index.php?rest_route=\/wp\/v2\/pages"}],"about":[{"href":"https:\/\/www.iyscpt.com\/index.php?rest_route=\/wp\/v2\/types\/page"}],"author":[{"embeddable":true,"href":"https:\/\/www.iyscpt.com\/index.php?rest_route=\/wp\/v2\/users\/1"}],"replies":[{"embeddable":true,"href":"https:\/\/www.iyscpt.com\/index.php?rest_route=%2Fwp%2Fv2%2Fcomments&post=347"}],"version-history":[{"count":20,"href":"https:\/\/www.iyscpt.com\/index.php?rest_route=\/wp\/v2\/pages\/347\/revisions"}],"predecessor-version":[{"id":3337,"href":"https:\/\/www.iyscpt.com\/index.php?rest_route=\/wp\/v2\/pages\/347\/revisions\/3337"}],"wp:attachment":[{"href":"https:\/\/www.iyscpt.com\/index.php?rest_route=%2Fwp%2Fv2%2Fmedia&parent=347"}],"curies":[{"name":"wp","href":"https:\/\/api.w.org\/{rel}","templated":true}]}}