{"id":3282,"date":"2012-07-02T23:20:55","date_gmt":"2012-07-02T22:20:55","guid":{"rendered":"http:\/\/www.iyscpt.com\/?page_id=3282"},"modified":"2012-07-10T22:12:36","modified_gmt":"2012-07-10T21:12:36","slug":"2012-program","status":"publish","type":"page","link":"https:\/\/www.iyscpt.com\/?page_id=3282","title":{"rendered":"2012 &#8211; PROGRAM"},"content":{"rendered":"<p><strong>Di\u00e1logo entre gera\u00e7\u00f5es + Sabedoria<\/strong><\/p>\n<p>&nbsp;<\/p>\n<p>O projeto proposto decorre da rela\u00e7\u00e3o de amizade e trabalho entre 4 cidades europeias.<\/p>\n<p>O interc\u00e2mbio multilateral de jovens, que envolve Portugal, sendo a P\u00f3voa de Varzim a cidade organizadora, Alemanha, com a cidade de Eschborn, Fran\u00e7a, com a cidade de Montgeron e Malta, com a cidade de Zabbar, ter\u00e1 como foco o Di\u00e1logo entre Gera\u00e7\u00f5es + Sabedoria, promovendo entre os participantes a reflex\u00e3o sobre a solidariedade entre gera\u00e7\u00f5es, como alicerce essencial de conhecimento, como um seguro para o desenvolvimento sustent\u00e1vel das sociedades, realizando-se com o alto patroc\u00ednio da Comiss\u00e3o Europeia, atrav\u00e9s do Programa Juventude para a Europa, a\u00e7\u00e3o Interc\u00e2mbios de Juventude, e com o apoio das C\u00e2maras Municipais da P\u00f3voa de Varzim e \u00d3bidos..<\/p>\n<p>A regi\u00e3o escolhida para o desenvolvimento da ideia foi o centro\/sul de Portugal, a Vila hist\u00f3rica de \u00d3bidos, exatamente no centro de juventude, lazer e desportos, Campo Aventura, na Quinta Moinho do Pagador, Olho Marinho, entre 14 e 28 de Julho de 2012.<\/p>\n<p>A op\u00e7\u00e3o pelo tema do\u00a0<strong>Di\u00e1logo entre Gera\u00e7\u00f5es<\/strong>\u00a0\u00e9 evidente, desde logo, pelo facto de 2012 ser o\u00a0<strong>Ano Europeu para o Envelhecimento Ativo e para a Solidariedade entre Gera\u00e7\u00f5es<\/strong>, mas tamb\u00e9m pelo facto de se perceber que o mundo e a Europa, em particular, est\u00e3o a envelhecer rapidamente acompanhando um processo de muta\u00e7\u00e3o social, em que a globaliza\u00e7\u00e3o, a migra\u00e7\u00e3o, o decl\u00ednio da taxa de fertilidade, a participa\u00e7\u00e3o das mulheres no mercado de trabalho s\u00e3o fatores determinantes.<\/p>\n<p>A coopera\u00e7\u00e3o entre gera\u00e7\u00f5es levar\u00e1 a uma maior coes\u00e3o social, ao mesmo tempo que envolve os jovens no processo de compreens\u00e3o, constru\u00e7\u00e3o, participa\u00e7\u00e3o e desenvolvimento da sua comunidade absorvendo mais Sabedoria.<\/p>\n<p>O grupo estar\u00e1 organizado em diferentes Oficinas de descoberta e intera\u00e7\u00e3o, que, \u00e0 medida da sua prefer\u00eancia, selecionar\u00e1 participar na Oficina sobre Turismo, na Oficina de Gastronomia, na Oficina de Desporto ou na Oficina de Multim\u00e9dia. As Oficinas l\u00fadico-pedag\u00f3gicas realizam-se com o apoio da C\u00e2mara Municipal de \u00d3bidos, para as \u00e1reas de Turismo e Desporto, e com o Centro Social de Olho Marinho, para a \u00e1rea de Gastronomia.<\/p>\n<p>Di\u00e1logo entre Gera\u00e7\u00f5es + Sabedoria conduzir\u00e1 os jovens por um caminho de experi\u00eancia, descoberta e de cria\u00e7\u00e3o, relacionando-os com compet\u00eancias t\u00e3o importantes na forma\u00e7\u00e3o dos indiv\u00edduos.<\/p>\n<p>Para o efeito, ser\u00e1 instalado um processo metodol\u00f3gico que ajudar\u00e1 a p\u00f4r em pr\u00e1tica o projeto, com a utiliza\u00e7\u00e3o de diferentes instrumentos de intera\u00e7\u00e3o: Reuni\u00e3o preparat\u00f3rias; Oficinas\/ Workshops de desenvolvimento, implementa\u00e7\u00e3o e organiza\u00e7\u00e3o do projeto; Sess\u00f5es de esclarecimento; Reuni\u00f5es Gerais; Sess\u00f5es Interm\u00e9dias; Jogos Interativos, de desporto e lazer; Organiza\u00e7\u00e3o de grupos; Discuss\u00f5es, debates; a Noite da Europa; Apresenta\u00e7\u00e3o Final do Projeto; Sess\u00f5es de Avalia\u00e7\u00e3o.<\/p>\n<p>&nbsp;<\/p>\n<p>&nbsp;<\/p>\n<p><strong>Dialogue between generations + Wisdom<\/strong><\/p>\n<p>&nbsp;<\/p>\n<p>The multilateral youth exchanges with Portugal, Povoa de Varzim, the host city, Germany, with the city of Eschborn, France, with the city of Montgeron and Malta, with the city of Zabbar, will focus on dialogue between generations + Wisdom, promoting the reflection among the participants on solidarity between generations as an essential foundation of knowledge, as an insurance for the sustainable development of societies.<\/p>\n<p>The region selected for the development of the idea was the historic town of Obidos, just at the youth center, recreation and sports, Campo Aventura, Quinta Moinho Pagador, Olho Marinho, between 14 and 28 July 2012, boosting 60 participants.<\/p>\n<p>The choice of the theme of the <strong>Intergenerational Dialogue<\/strong> is clear from the outset by the fact that 2012 is the <strong>European Year for Active Ageing and Intergenerational Solidarity<\/strong>, but also because they perceive the world and Europe, in particular, are aging rapidly following a process of social change, where globalization, migration, declining fertility rate, women&#8217;s participation in the labour market are determining factors.<\/p>\n<p>Cooperation between generations lead to greater social cohesion, promoting a greater capacity for understanding and mutual respect, facilitate the involvement of the elderly and recovery in the social process, necessarily reflected in the health and well-being of individuals, the economy, while involving young people in the process of understanding, building, participation and development of their community by absorbing more wisdom.<\/p>\n<p>The group will be organized in different workshops of discovery and interaction, which, as of their choice, they choose to participate in the Workshop on Tourism, Gastronomy Sports and Media.<\/p>\n<p>We will install a methodological process that will help implement the project, using different tools of interaction: Preparatory Meeting, Workshops for development, implementation and project organization; Information sessions, general meetings; Sessions Intermediate, Interactive Games, sports and leisure organization of groups, discussions, debates, the Europe Night, Final Project Presentation, Evaluation Session.<\/p>\n<p>With the use of information technology, participants will present the results of their thoughts as video products, at a public meeting, the first at the site of action in different cities and then promoting, targeting citizens and other social agents, and thus contributing with a multiplier effect.<\/p>\n","protected":false},"excerpt":{"rendered":"<p>Di\u00e1logo entre gera\u00e7\u00f5es + Sabedoria &nbsp; O projeto proposto decorre da rela\u00e7\u00e3o de amizade e trabalho entre 4 cidades europeias. O interc\u00e2mbio multilateral de jovens, que envolve Portugal, sendo a P\u00f3voa de Varzim a cidade organizadora, Alemanha, com a cidade de Eschborn, Fran\u00e7a, com a cidade de Montgeron e Malta, com a cidade de Zabbar, ter\u00e1 como foco o Di\u00e1logo entre Gera\u00e7\u00f5es + Sabedoria, promovendo entre os participantes a reflex\u00e3o sobre a solidariedade entre gera\u00e7\u00f5es, como alicerce essencial de conhecimento, como um seguro para o desenvolvimento sustent\u00e1vel das sociedades, realizando-se com o alto patroc\u00ednio da Comiss\u00e3o Europeia, atrav\u00e9s do Programa Juventude para a Europa, a\u00e7\u00e3o Interc\u00e2mbios de Juventude, e com o apoio das C\u00e2maras Municipais da P\u00f3voa de Varzim e \u00d3bidos.. A regi\u00e3o escolhida para o desenvolvimento da ideia foi o centro\/sul de Portugal, a Vila hist\u00f3rica de \u00d3bidos, exatamente no centro de juventude, lazer e desportos, Campo Aventura, na Quinta Moinho do Pagador, Olho Marinho, entre 14 e 28 de Julho de 2012. A op\u00e7\u00e3o pelo tema do\u00a0Di\u00e1logo entre Gera\u00e7\u00f5es\u00a0\u00e9 evidente, desde logo, pelo facto de 2012 ser o\u00a0Ano Europeu para o Envelhecimento Ativo e para a Solidariedade entre Gera\u00e7\u00f5es, mas tamb\u00e9m pelo facto de se perceber que o [&hellip;]<\/p>\n","protected":false},"author":1,"featured_media":0,"parent":0,"menu_order":0,"comment_status":"open","ping_status":"open","template":"","meta":{"ngg_post_thumbnail":0},"_links":{"self":[{"href":"https:\/\/www.iyscpt.com\/index.php?rest_route=\/wp\/v2\/pages\/3282"}],"collection":[{"href":"https:\/\/www.iyscpt.com\/index.php?rest_route=\/wp\/v2\/pages"}],"about":[{"href":"https:\/\/www.iyscpt.com\/index.php?rest_route=\/wp\/v2\/types\/page"}],"author":[{"embeddable":true,"href":"https:\/\/www.iyscpt.com\/index.php?rest_route=\/wp\/v2\/users\/1"}],"replies":[{"embeddable":true,"href":"https:\/\/www.iyscpt.com\/index.php?rest_route=%2Fwp%2Fv2%2Fcomments&post=3282"}],"version-history":[{"count":12,"href":"https:\/\/www.iyscpt.com\/index.php?rest_route=\/wp\/v2\/pages\/3282\/revisions"}],"predecessor-version":[{"id":3395,"href":"https:\/\/www.iyscpt.com\/index.php?rest_route=\/wp\/v2\/pages\/3282\/revisions\/3395"}],"wp:attachment":[{"href":"https:\/\/www.iyscpt.com\/index.php?rest_route=%2Fwp%2Fv2%2Fmedia&parent=3282"}],"curies":[{"name":"wp","href":"https:\/\/api.w.org\/{rel}","templated":true}]}}