{"id":9,"date":"2011-09-07T11:53:07","date_gmt":"2011-09-07T11:53:07","guid":{"rendered":"http:\/\/www.iyscpt.com\/?page_id=9"},"modified":"2013-08-09T15:54:03","modified_gmt":"2013-08-09T14:54:03","slug":"contact","status":"publish","type":"page","link":"http:\/\/www.iyscpt.com\/?page_id=9","title":{"rendered":"CONTACT"},"content":{"rendered":"<p>IYSC \u2013 International Youth Summer Camp &#8211; Portugal<\/p>\n<p>&nbsp;<\/p>\n<p>Associa\u00e7\u00e3o de Amizade P\u00f3voa de Varzim Cidades Geminadas<\/p>\n<p>Rua Tenente Veiga Leal, 61<\/p>\n<p>4490 &#8211; 586 P\u00f3voa de Varzim, Portugal<\/p>\n<p>&nbsp;<\/p>\n<p>Email:\u00a0<a href=\"mailto:geminacao@gmail.com\" target=\"_blank\">geminacao@gmail.com<\/a><a href=\"mailto:mail@iyscpt.com\" target=\"_blank\"><br \/>\n<\/a><\/p>\n<p>Phone Number:\u00a0<a href=\"tel:%2B351%20252%20298%20500\" target=\"_blank\">+351 252 298 500<\/a>\u00a0<a href=\"tel:%2B351%20964%20396%20812\" target=\"_blank\">+351 964 396 812<\/a><\/p>\n","protected":false},"excerpt":{"rendered":"<p>IYSC \u2013 International Youth Summer Camp &#8211; Portugal &nbsp; Associa\u00e7\u00e3o de Amizade P\u00f3voa de Varzim Cidades Geminadas Rua Tenente Veiga Leal, 61 4490 &#8211; 586 P\u00f3voa de Varzim, Portugal &nbsp; Email:\u00a0geminacao@gmail.com Phone Number:\u00a0+351 252 298 500\u00a0+351 964 396 812<\/p>\n","protected":false},"author":1,"featured_media":0,"parent":0,"menu_order":0,"comment_status":"open","ping_status":"open","template":"","meta":{"ngg_post_thumbnail":0},"_links":{"self":[{"href":"http:\/\/www.iyscpt.com\/index.php?rest_route=\/wp\/v2\/pages\/9"}],"collection":[{"href":"http:\/\/www.iyscpt.com\/index.php?rest_route=\/wp\/v2\/pages"}],"about":[{"href":"http:\/\/www.iyscpt.com\/index.php?rest_route=\/wp\/v2\/types\/page"}],"author":[{"embeddable":true,"href":"http:\/\/www.iyscpt.com\/index.php?rest_route=\/wp\/v2\/users\/1"}],"replies":[{"embeddable":true,"href":"http:\/\/www.iyscpt.com\/index.php?rest_route=%2Fwp%2Fv2%2Fcomments&post=9"}],"version-history":[{"count":15,"href":"http:\/\/www.iyscpt.com\/index.php?rest_route=\/wp\/v2\/pages\/9\/revisions"}],"predecessor-version":[{"id":4782,"href":"http:\/\/www.iyscpt.com\/index.php?rest_route=\/wp\/v2\/pages\/9\/revisions\/4782"}],"wp:attachment":[{"href":"http:\/\/www.iyscpt.com\/index.php?rest_route=%2Fwp%2Fv2%2Fmedia&parent=9"}],"curies":[{"name":"wp","href":"https:\/\/api.w.org\/{rel}","templated":true}]}}