{"id":4356,"date":"2013-08-07T14:49:43","date_gmt":"2013-08-07T13:49:43","guid":{"rendered":"http:\/\/www.iyscpt.com\/?page_id=4356"},"modified":"2013-08-07T19:05:35","modified_gmt":"2013-08-07T18:05:35","slug":"2013-program","status":"publish","type":"page","link":"http:\/\/www.iyscpt.com\/?page_id=4356","title":{"rendered":"2013 &#8211; PROGRAM"},"content":{"rendered":"<p><strong>IYSC \u2013 International Youth Summer Camp<\/strong><\/p>\n<p><strong>Encontro Internacional de Jovens 2013 W\u00fcrzburg\u00a0<\/strong><\/p>\n<p>&nbsp;<\/p>\n<p>Viver uma experi\u00eancia \u20acuropeia no presente e de futuro.<\/p>\n<p>PartIYSCipating and Experiencing in \u20acUROpean presence and future<\/p>\n<p>&nbsp;<\/p>\n<p><img loading=\"lazy\" class=\"alignnone size-large wp-image-4495\" title=\"encontro internacional de jovens\" src=\"http:\/\/www.iyscpt.com\/wp-content\/uploads\/2013\/08\/encontro-internacional-de-jovens-726x1024.jpg\" alt=\"\" width=\"726\" height=\"1024\" srcset=\"http:\/\/www.iyscpt.com\/wp-content\/uploads\/2013\/08\/encontro-internacional-de-jovens-726x1024.jpg 726w, http:\/\/www.iyscpt.com\/wp-content\/uploads\/2013\/08\/encontro-internacional-de-jovens-212x300.jpg 212w, http:\/\/www.iyscpt.com\/wp-content\/uploads\/2013\/08\/encontro-internacional-de-jovens.jpg 845w\" sizes=\"(max-width: 726px) 100vw, 726px\" \/><\/p>\n<p>&nbsp;<\/p>\n<p>&#8220;Bora l\u00e1 viajar!&#8221; \u00e9 o convite que a Associa\u00e7\u00e3o de Amizade P\u00f3voa de Varzim\/Cidades Geminadas, em conjunto com a C\u00e2mara Municipal da P\u00f3voa de Varzim, faz a jovens entre os 14 e os 17 anos.<\/p>\n<p>O Encontro Internacional de Jovens ir\u00e1 realizar-se de <strong>5 a 16 de agosto<\/strong>, na Alemanha, na cidade de W\u00fcrzburg, e o grupo estar\u00e1 instalado no <em>Jugendbildungsstatte Unterfranken.<\/em><\/p>\n<p>O Encontro \u00e9 organizado ao abrigo dos protocolos de gemina\u00e7\u00e3o e amizade celebrados entre o munic\u00edpio da P\u00f3voa de Varzim e as cidades de Montgeron (Fran\u00e7a), Eschborn (Alemanha) e Zabbar (Malta). Assim, jovens provenientes das quatro cidades ir\u00e3o reunir-se durante duas semanas com o objetivo de partir \u00e0 descoberta de novas amizades e experi\u00eancias enriquecedoras a n\u00edvel pessoal e social. Para estabelecer e fortalecer os la\u00e7os de amizade e coopera\u00e7\u00e3o, os jovens participantes ir\u00e3o contar com um programa de atividades onde se incluem jogos interativos, fotografia, v\u00eddeo, passatempos, futebol, basquetebol, visitas culturais, entre muitas outras. O valor da inscri\u00e7\u00e3o \u00e9 de \u20ac550 (quinhentos e cinquenta euros) e inclui alimenta\u00e7\u00e3o (pens\u00e3o completa), estadia, transporte e atividades.<\/p>\n<p>A programa\u00e7\u00e3o vai apresentar nos primeiros dias v\u00e1rias atividades de aventura, explora\u00e7\u00e3o do local e da cidade de W\u00fcrzburg. No terceiro dia, tem in\u00edcio o Projeto fundamental, que cont\u00e9m sete partes diferentes e conjugadas com diversas atividades complementares, sempre no sentido de eliminar preconceitos e estere\u00f3tipos relativamente aos diferentes padr\u00f5es culturais.<\/p>\n<p>No quarto dia, est\u00e1 prevista uma excurs\u00e3o a Frankfurt, a fim de visitar o Banco Central da Europeu e o &#8220;Dialogmuseum&#8221; (Museu do di\u00e1logo e da intera\u00e7\u00e3o, em ambiente invulgar, um teste \u00e0s diferen\u00e7as culturais).<\/p>\n<p>No 7 \u00ba dia realiza-se \u00a0a Oficina &#8220;Zukunftswerkstatt&#8221; (oficina de futuro).<\/p>\n<p>No 10 \u00ba dia est\u00e1 previsto um jogo de basquetebol em cadeiras de rodas, <em>Wheelchair Basketball<\/em>, com jovens com defici\u00eancia, e de futebol, com jovens cegos, mas com mesma idade.<\/p>\n<p>Depois haver\u00e1 tempo para as apresenta\u00e7\u00f5es finais do projeto e para uma festa de despedida.<\/p>\n<p>O 11 \u00ba dia \u00e9 passado em W\u00fcrzburg.<\/p>\n<p>Os jovens s\u00e3o livres para encontrar suas pr\u00f3prias atividades nos projetos e oficinas com o tema. Haver\u00e1 v\u00e1rias possibilidades de criar coisas em grupos internacionais, que levaram para qualquer tipo de apresenta\u00e7\u00e3o no final do summercamp. Ele pode ser teatral, medial, discussional, musical, um discurso ou qualquer outro tipo de apresenta\u00e7\u00e3o projetado pelo grupo internacional de jovens.<\/p>\n<p>H\u00e1 mais de vinte anos que se realiza o Encontro Internacional de Jovens. Recorde-se que a primeira edi\u00e7\u00e3o decorreu em 1988 em Agu\u00e7adoura, P\u00f3voa de Varzim. Desde a\u00ed, centenas de jovens vivenciaram experi\u00eancias inesquec\u00edveis nos quatro pa\u00edses onde este Encontro se realiza, Portugal, Alemanha, Malta e Fran\u00e7a.<\/p>\n","protected":false},"excerpt":{"rendered":"<p>IYSC \u2013 International Youth Summer Camp Encontro Internacional de Jovens 2013 W\u00fcrzburg\u00a0 &nbsp; Viver uma experi\u00eancia \u20acuropeia no presente e de futuro. PartIYSCipating and Experiencing in \u20acUROpean presence and future &nbsp; &nbsp; &#8220;Bora l\u00e1 viajar!&#8221; \u00e9 o convite que a Associa\u00e7\u00e3o de Amizade P\u00f3voa de Varzim\/Cidades Geminadas, em conjunto com a C\u00e2mara Municipal da P\u00f3voa de Varzim, faz a jovens entre os 14 e os 17 anos. O Encontro Internacional de Jovens ir\u00e1 realizar-se de 5 a 16 de agosto, na Alemanha, na cidade de W\u00fcrzburg, e o grupo estar\u00e1 instalado no Jugendbildungsstatte Unterfranken. O Encontro \u00e9 organizado ao abrigo dos protocolos de gemina\u00e7\u00e3o e amizade celebrados entre o munic\u00edpio da P\u00f3voa de Varzim e as cidades de Montgeron (Fran\u00e7a), Eschborn (Alemanha) e Zabbar (Malta). Assim, jovens provenientes das quatro cidades ir\u00e3o reunir-se durante duas semanas com o objetivo de partir \u00e0 descoberta de novas amizades e experi\u00eancias enriquecedoras a n\u00edvel pessoal e social. Para estabelecer e fortalecer os la\u00e7os de amizade e coopera\u00e7\u00e3o, os jovens participantes ir\u00e3o contar com um programa de atividades onde se incluem jogos interativos, fotografia, v\u00eddeo, passatempos, futebol, basquetebol, visitas culturais, entre muitas outras. O valor da inscri\u00e7\u00e3o \u00e9 de \u20ac550 (quinhentos e cinquenta euros) [&hellip;]<\/p>\n","protected":false},"author":1,"featured_media":0,"parent":0,"menu_order":0,"comment_status":"open","ping_status":"open","template":"","meta":{"ngg_post_thumbnail":0},"_links":{"self":[{"href":"http:\/\/www.iyscpt.com\/index.php?rest_route=\/wp\/v2\/pages\/4356"}],"collection":[{"href":"http:\/\/www.iyscpt.com\/index.php?rest_route=\/wp\/v2\/pages"}],"about":[{"href":"http:\/\/www.iyscpt.com\/index.php?rest_route=\/wp\/v2\/types\/page"}],"author":[{"embeddable":true,"href":"http:\/\/www.iyscpt.com\/index.php?rest_route=\/wp\/v2\/users\/1"}],"replies":[{"embeddable":true,"href":"http:\/\/www.iyscpt.com\/index.php?rest_route=%2Fwp%2Fv2%2Fcomments&post=4356"}],"version-history":[{"count":6,"href":"http:\/\/www.iyscpt.com\/index.php?rest_route=\/wp\/v2\/pages\/4356\/revisions"}],"predecessor-version":[{"id":4358,"href":"http:\/\/www.iyscpt.com\/index.php?rest_route=\/wp\/v2\/pages\/4356\/revisions\/4358"}],"wp:attachment":[{"href":"http:\/\/www.iyscpt.com\/index.php?rest_route=%2Fwp%2Fv2%2Fmedia&parent=4356"}],"curies":[{"name":"wp","href":"https:\/\/api.w.org\/{rel}","templated":true}]}}