{"id":13,"date":"2011-09-07T12:03:28","date_gmt":"2011-09-07T12:03:28","guid":{"rendered":"http:\/\/www.iyscpt.com\/?page_id=13"},"modified":"2013-08-07T19:11:34","modified_gmt":"2013-08-07T18:11:34","slug":"history","status":"publish","type":"page","link":"http:\/\/www.iyscpt.com\/?page_id=13","title":{"rendered":"HISTORY"},"content":{"rendered":"<p>1988: P\u00f3voa de Varzim (Portugal)<\/p>\n<p>1989: Murol (France)<\/p>\n<p>1990: Sonthofen (Germany)<\/p>\n<p>1991: P\u00f3voa de Varzim (Portugal)<\/p>\n<p>1992: Montgeron and Arcachon (France)<\/p>\n<p>1993: P\u00f3voa de Varzim (Portugal)<\/p>\n<p>1994: Ameland (Holland)<\/p>\n<p>1995: Cap Breton (France)<\/p>\n<p>1996: Portim\u00e3o &#8211; Algarve (Portugal)<\/p>\n<p>1997: Berlin (Germany)<\/p>\n<p>1999: P\u00f3voa de Varzim-Lisboa-Serra da Estrela (Portugal)<\/p>\n<p>2001: <a href=\"http:\/\/www.iysc.org\/2001\/\" target=\"_blank\">Marsascala (Malta)<\/a><\/p>\n<p>2002: Argeles-sur-Mer (France)<\/p>\n<p>2003: <a href=\"http:\/\/www.iyscpt.com\/?page_id=3101\" target=\"_blank\">Campo do Ger\u00eas (Portugal)<\/a><\/p>\n<p>2004: <a href=\"http:\/\/www.iysc.org\/2004\/\" target=\"_blank\">Spitzingsee (Germany)<\/a><\/p>\n<p>2005: <a href=\"http:\/\/iysc.org\/index.htm\" target=\"_blank\">Zabbar (Malta)<\/a><\/p>\n<p>2006: Le Mont Dore (France)<\/p>\n<p>2007: <a href=\"http:\/\/www.iyscpt.com\/?page_id=3257\" target=\"_blank\">Melga\u00e7o (Portugal)<\/a><\/p>\n<p>2008: <a href=\"http:\/\/www.iysc.org\/\" target=\"_blank\">Uerckerm\u00fcnde (Germany)<\/a><\/p>\n<p>2009: Vittoriosa (Malta)<\/p>\n<p>2012: <a href=\"http:\/\/www.iyscpt.com\/?page_id=3277\">\u00d3bidos (Portugal)<\/a><\/p>\n","protected":false},"excerpt":{"rendered":"<p>1988: P\u00f3voa de Varzim (Portugal) 1989: Murol (France) 1990: Sonthofen (Germany) 1991: P\u00f3voa de Varzim (Portugal) 1992: Montgeron and Arcachon (France) 1993: P\u00f3voa de Varzim (Portugal) 1994: Ameland (Holland) 1995: Cap Breton (France) 1996: Portim\u00e3o &#8211; Algarve (Portugal) 1997: Berlin (Germany) 1999: P\u00f3voa de Varzim-Lisboa-Serra da Estrela (Portugal) 2001: Marsascala (Malta) 2002: Argeles-sur-Mer (France) 2003: Campo do Ger\u00eas (Portugal) 2004: Spitzingsee (Germany) 2005: Zabbar (Malta) 2006: Le Mont Dore (France) 2007: Melga\u00e7o (Portugal) 2008: Uerckerm\u00fcnde (Germany) 2009: Vittoriosa (Malta) 2012: \u00d3bidos (Portugal)<\/p>\n","protected":false},"author":1,"featured_media":0,"parent":0,"menu_order":0,"comment_status":"open","ping_status":"open","template":"","meta":{"ngg_post_thumbnail":0},"_links":{"self":[{"href":"http:\/\/www.iyscpt.com\/index.php?rest_route=\/wp\/v2\/pages\/13"}],"collection":[{"href":"http:\/\/www.iyscpt.com\/index.php?rest_route=\/wp\/v2\/pages"}],"about":[{"href":"http:\/\/www.iyscpt.com\/index.php?rest_route=\/wp\/v2\/types\/page"}],"author":[{"embeddable":true,"href":"http:\/\/www.iyscpt.com\/index.php?rest_route=\/wp\/v2\/users\/1"}],"replies":[{"embeddable":true,"href":"http:\/\/www.iyscpt.com\/index.php?rest_route=%2Fwp%2Fv2%2Fcomments&post=13"}],"version-history":[{"count":9,"href":"http:\/\/www.iyscpt.com\/index.php?rest_route=\/wp\/v2\/pages\/13\/revisions"}],"predecessor-version":[{"id":1240,"href":"http:\/\/www.iyscpt.com\/index.php?rest_route=\/wp\/v2\/pages\/13\/revisions\/1240"}],"wp:attachment":[{"href":"http:\/\/www.iyscpt.com\/index.php?rest_route=%2Fwp%2Fv2%2Fmedia&parent=13"}],"curies":[{"name":"wp","href":"https:\/\/api.w.org\/{rel}","templated":true}]}}